{"id":2,"date":"2014-12-02T13:33:06","date_gmt":"2014-12-02T13:33:06","guid":{"rendered":"http:\/\/e-handelsguiden.se.argonova-web.kontrollpanelen.se\/?page_id=2"},"modified":"2015-01-27T09:37:24","modified_gmt":"2015-01-27T08:37:24","slug":"exempelsida","status":"publish","type":"page","link":"https:\/\/e-handelsguiden.se\/?page_id=2","title":{"rendered":"Om E-handelsguiden"},"content":{"rendered":"<div class=\"entry-content\">\n<h1>E-handelsguiden \u2013 guidar dig som ska starta e-handel!<\/h1>\n<p>Vad kan avg\u00f6ra om en e-handel lyckas eller inte? H\u00e4r \u00e4r n\u00e5gra saker som man rent generellt kan t\u00e4nka p\u00e5.<br \/>\nP\u00e5 <a href=\"http:\/\/e-handelsguiden.se\/\" target=\"_blank\">e-handelsguiden <\/a>hj\u00e4lper vi dem som vill driva egen webbutik att hitta nyheter, information om webbaserad marknadsf\u00f6ring, s\u00e4ljande aff\u00e4rsplan, <span class=\"st\">finansiering, personal, rekrytering, m.m.<\/span><br \/>\n<strong>H\u00e4r \u00e4r n\u00e5gra saker som man rent generellt kan t\u00e4nka p\u00e5:<\/strong><\/p>\n<ul>\n<li><strong>Tydligt information:<\/strong><br \/>\nMan kanske l\u00e4gger mycket tid och anstr\u00e4ngning p\u00e5 att f\u00e5 en snygg e-handel med fina s\u00e4ljande bilder. Detta \u00e4r bra och fungerar ju som ett skyltf\u00f6nster, men n\u00e4r bes\u00f6karen kommer in i butiken, s\u00e5 att s\u00e4ga, f\u00e5r de d\u00e5 den information de beh\u00f6ver f\u00f6r att k\u00e4nna sig trygga och genomf\u00f6ra k\u00f6pet hela v\u00e4gen.Detta handlar ju givetvis om att produktbeskrivningen \u00e4r v\u00e4lskriven och inneh\u00e5ller s\u00e5 mycket information som m\u00f6jligt f\u00f6r att kunden skall k\u00e4nna att de vet vad det \u00e4r de k\u00f6per. Men f\u00f6rutom detta \u00e4r det bra att det \u00e4r tydligt vilka andra villkor som g\u00e4ller. \u00c4r det t.ex. enkelt att se fraktkostnaden. M\u00e5nga l\u00e4mnar sin kundkorg i kassan f\u00f6r att frakt och andra avgifter inte klargjorts \u2013 inte n\u00f6dv\u00e4ndigtvis f\u00f6r att de inte tycker det \u00e4r v\u00e4rt det utan f\u00f6r att de f\u00f6rv\u00e4ntade sig n\u00e5got annat.\u00c4r det tydligt vilka betalmedel som kan anv\u00e4ndas. M\u00e5nga f\u00f6rv\u00e4ntar sig vissa betals\u00e4tt, men om det \u00e4r enkelt att f\u00e5 denna information kan man kanske acceptera annat s\u00e4tt.<\/li>\n<li><strong>Valfrihet:<br \/>\n<\/strong>Kunder vill kunna k\u00e4nna att de har valm\u00f6jligheter. Man m\u00e5ste kanske v\u00e4lja kostnaden f\u00f6r att utveckla valm\u00f6jligheter i betals\u00e4tt eller frakt, men att begr\u00e4nsa kunden d\u00e4r det inte spelar st\u00f6rre roll \u00e4r on\u00f6digt. Ett exempel \u00e4r att man kanske vill \u201dtvinga\u201d kunden att registrera sig f\u00f6r att genomf\u00f6ra k\u00f6p. M\u00e5nga kunder ser inte v\u00e4rdet i det och kan tycka att det tar on\u00f6dig tid och kanske inte vill bli registrerade. Att erbjuda m\u00f6jlighet att \u201dhandla som g\u00e4st\u201d b\u00f6r vara standard. F\u00f6r \u00e5terkommande kunder \u00e4r det ju f\u00f6rst\u00e5s ett v\u00e4rde i att registrera sig men det b\u00f6r alltid vara ett val.<\/li>\n<li><strong>Satsa p\u00e5 det som hinns med:<br \/>\n<\/strong>I alla webbsatsningar finns det nu en massa saker som man kan l\u00e4gga till f\u00f6r att skapa merv\u00e4rde och sprida ordet. Man kan ha konton p\u00e5 Facebook, Instagram, Youtube, bloggar och l\u00e5ta anv\u00e4ndarna recensera och betygs\u00e4tta produkter. Men det man skall t\u00e4nka p\u00e5 \u00e4r att allt s\u00e5dant tar tid. Om man t.ex. har en Facebook-sida d\u00e4r senaste inl\u00e4gget var f\u00f6r en m\u00e5nad sedan s\u00e5 kanske det g\u00f6r mer skada \u00e4n nytta.Nyckeln kan allts\u00e5 vara att fokusera p\u00e5 f\u00e5 saker och g\u00f6ra det bra. En levande social media-kanal \u00e4r mer v\u00e4rd \u00e4n fem d\u00f6da. M\u00f6jligheter f\u00f6r bes\u00f6kare att sprida saker sj\u00e4lva \u00e4r bra och med n\u00e5gra f\u00e5 medel kan man fokusera p\u00e5 att bygga materialet p\u00e5 sin e-handel ist\u00e4llet och v\u00e4lkomna alla nya kunder med en tilltalande och informativ sajt.<\/li>\n<\/ul>\n<\/div>\n","protected":false},"excerpt":{"rendered":"<p>E-handelsguiden \u2013 guidar dig som ska starta e-handel! Vad kan avg\u00f6ra om en e-handel lyckas eller inte? H\u00e4r \u00e4r n\u00e5gra saker som man rent generellt kan t\u00e4nka p\u00e5. P\u00e5 e-handelsguiden hj\u00e4lper vi dem som vill driva egen webbutik att hitta nyheter, information om webbaserad marknadsf\u00f6ring, s\u00e4ljande aff\u00e4rsplan, finansiering, personal, rekrytering, m.m. H\u00e4r \u00e4r n\u00e5gra saker &hellip; <a href=\"https:\/\/e-handelsguiden.se\/?page_id=2\" class=\"more-link\">Forts\u00e4tt l\u00e4sa <span class=\"screen-reader-text\">Om E-handelsguiden<\/span> <span class=\"meta-nav\">&rarr;<\/span><\/a><\/p>\n","protected":false},"author":1,"featured_media":0,"parent":0,"menu_order":0,"comment_status":"open","ping_status":"closed","template":"","meta":{"footnotes":""},"_links":{"self":[{"href":"https:\/\/e-handelsguiden.se\/index.php?rest_route=\/wp\/v2\/pages\/2"}],"collection":[{"href":"https:\/\/e-handelsguiden.se\/index.php?rest_route=\/wp\/v2\/pages"}],"about":[{"href":"https:\/\/e-handelsguiden.se\/index.php?rest_route=\/wp\/v2\/types\/page"}],"author":[{"embeddable":true,"href":"https:\/\/e-handelsguiden.se\/index.php?rest_route=\/wp\/v2\/users\/1"}],"replies":[{"embeddable":true,"href":"https:\/\/e-handelsguiden.se\/index.php?rest_route=%2Fwp%2Fv2%2Fcomments&post=2"}],"version-history":[{"count":2,"href":"https:\/\/e-handelsguiden.se\/index.php?rest_route=\/wp\/v2\/pages\/2\/revisions"}],"predecessor-version":[{"id":41,"href":"https:\/\/e-handelsguiden.se\/index.php?rest_route=\/wp\/v2\/pages\/2\/revisions\/41"}],"wp:attachment":[{"href":"https:\/\/e-handelsguiden.se\/index.php?rest_route=%2Fwp%2Fv2%2Fmedia&parent=2"}],"curies":[{"name":"wp","href":"https:\/\/api.w.org\/{rel}","templated":true}]}}